{"id":8142,"date":"2021-08-02T10:45:41","date_gmt":"2021-08-02T08:45:41","guid":{"rendered":"https:\/\/koom.es\/product\/sistema-de-rodadura-rsk-standar-fijo\/"},"modified":"2021-11-25T10:35:31","modified_gmt":"2021-11-25T09:35:31","slug":"rsk-rolling-system-standard-fixed","status":"publish","type":"product","link":"https:\/\/koom.es\/en\/product\/rsk-rolling-system-standard-fixed\/","title":{"rendered":"RSK ROLLING SYSTEM STANDARD FIXED"},"content":{"rendered":"<p style=\"text-align: justify;\">Se denomina como FIJO a aquellos sistemas o cartuchos de rodadura, con capacidad para absorber cargas externas AXIALES y RADIALES a la vez, con ausencia total de juego axial.<\/p>\n<p style=\"text-align: justify;\">Para esta condici\u00f3n, el sistema debe de formar un \u201cbloque\u201d compacto y de gran rigidez, debiendo de estar fuertemente amarrado a una carcasa por medio de los tornillos existentes en la valona del cartucho.<\/p>\n<p style=\"text-align: justify;\">La dilataci\u00f3n en los elementos de las maquinas es un hecho al que se debe de prestar una especial atenci\u00f3n dado que, si no se prev\u00e9 el alargamiento a la hora de dise\u00f1ar los apoyos del eje en cuesti\u00f3n, pueden presentarse problemas graves de funcionamiento incluso aver\u00edas de las consideradas como \u201ccatastr\u00f3ficas\u201d.<\/p>\n","protected":false},"excerpt":{"rendered":"<p style=\"text-align: justify;\">Se denomina como FIJO a aquellos sistemas o cartuchos de rodadura, con capacidad para absorber cargas externas AXIALES y RADIALES a la vez, con ausencia total de juego axial.<\/p>\n","protected":false},"featured_media":5526,"comment_status":"open","ping_status":"closed","template":"","meta":{"inline_featured_image":false},"product_brand":[],"product_cat":[68,66,67],"product_tag":[],"class_list":{"0":"post-8142","1":"product","2":"type-product","3":"status-publish","4":"has-post-thumbnail","6":"product_cat-fixed","7":"product_cat-rolling-systems","8":"product_cat-standard","10":"first","11":"instock","12":"shipping-taxable","13":"purchasable","14":"product-type-variable"},"_links":{"self":[{"href":"https:\/\/koom.es\/en\/wp-json\/wp\/v2\/product\/8142","targetHints":{"allow":["GET"]}}],"collection":[{"href":"https:\/\/koom.es\/en\/wp-json\/wp\/v2\/product"}],"about":[{"href":"https:\/\/koom.es\/en\/wp-json\/wp\/v2\/types\/product"}],"replies":[{"embeddable":true,"href":"https:\/\/koom.es\/en\/wp-json\/wp\/v2\/comments?post=8142"}],"wp:featuredmedia":[{"embeddable":true,"href":"https:\/\/koom.es\/en\/wp-json\/wp\/v2\/media\/5526"}],"wp:attachment":[{"href":"https:\/\/koom.es\/en\/wp-json\/wp\/v2\/media?parent=8142"}],"wp:term":[{"taxonomy":"product_brand","embeddable":true,"href":"https:\/\/koom.es\/en\/wp-json\/wp\/v2\/product_brand?post=8142"},{"taxonomy":"product_cat","embeddable":true,"href":"https:\/\/koom.es\/en\/wp-json\/wp\/v2\/product_cat?post=8142"},{"taxonomy":"product_tag","embeddable":true,"href":"https:\/\/koom.es\/en\/wp-json\/wp\/v2\/product_tag?post=8142"}],"curies":[{"name":"wp","href":"https:\/\/api.w.org\/{rel}","templated":true}]}}