{"id":8645,"date":"2021-11-25T13:18:28","date_gmt":"2021-11-25T12:18:28","guid":{"rendered":"https:\/\/koom.es\/site-property\/"},"modified":"2021-11-26T12:26:29","modified_gmt":"2021-11-26T11:26:29","slug":"site-property","status":"publish","type":"page","link":"https:\/\/koom.es\/en\/site-property\/","title":{"rendered":"Site property"},"content":{"rendered":"\n<p><strong>Derechos de autor y marcas registradas<\/strong><\/p>\n\n\n\n<p style=\"font-size:18px\">Copyright \u00a9 KOOM TRANSMISSION TECHNOLOGY.<br>El logotipo de KOOM es una marca registrada y no puede copiarse ni publicarse sin el consentimiento por escrito de KOOM TRANSMISSION TECHNOLOGY; todos los derechos reservados.<br>Las p\u00e1ginas web de KOOM contienen marcas protegidas de KOOM TRANSMISSION TECHNOLOGY, que tampoco pueden ser copiadas o publicadas sin el consentimiento por escrito de KOOM TRANSMISSION TECHNOLOGY. Tambi\u00e9n en este caso est\u00e1n reservados todos los derechos.<br>Los derechos de uso de todas las im\u00e1genes y v\u00eddeos son propiedad de KOOM TRANSMISSION TECHNOLOGY<strong>.<\/strong><\/p>\n\n\n\n<p><strong>Reservado el derecho a realizar modificaciones t\u00e9cnicas y a errores<\/strong><\/p>\n\n\n\n<p style=\"font-size:18px\">KOOM TRANSMISSION TECHNOLOGY<strong> <\/strong>no asume responsabilidad alguna por eventuales errores, faltas, cambios que se produzcan, o cualquier otro tipo de da\u00f1o material o intelectual causado por el uso de la informaci\u00f3n presentada.<\/p>\n\n\n\n<p style=\"font-size:18px\">KOOM TRANSMISSION TECHNOLOGY se reserva expresamente el derecho a modificar, complementar o eliminar partes de las p\u00e1ginas o incluso la oferta completa sin previo aviso, o a suspender la publicaci\u00f3n de manera temporal o definitiva.<\/p>\n\n\n\n<p style=\"font-size:18px\">Todos los datos expuestos en el documento son propiedad de KOOM TRANSMISSION TECHNOLOGY. Queda prohibida la reproducci\u00f3n parcial o total sin permiso del propietario.<\/p>\n\n\n\n<p><\/p>\n","protected":false},"excerpt":{"rendered":"<p>Derechos de autor y marcas registradas Copyright \u00a9 KOOM TRANSMISSION TECHNOLOGY.El logotipo de KOOM es una marca registrada y no puede copiarse ni publicarse sin el consentimiento por escrito de KOOM TRANSMISSION TECHNOLOGY; todos los derechos reservados.Las p\u00e1ginas web de KOOM contienen marcas protegidas de KOOM TRANSMISSION TECHNOLOGY, que tampoco pueden ser copiadas o publicadas [&hellip;]<\/p>\n","protected":false},"author":3,"featured_media":0,"parent":0,"menu_order":0,"comment_status":"closed","ping_status":"closed","template":"","meta":{"inline_featured_image":false,"footnotes":""},"class_list":["post-8645","page","type-page","status-publish","hentry"],"_links":{"self":[{"href":"https:\/\/koom.es\/en\/wp-json\/wp\/v2\/pages\/8645","targetHints":{"allow":["GET"]}}],"collection":[{"href":"https:\/\/koom.es\/en\/wp-json\/wp\/v2\/pages"}],"about":[{"href":"https:\/\/koom.es\/en\/wp-json\/wp\/v2\/types\/page"}],"author":[{"embeddable":true,"href":"https:\/\/koom.es\/en\/wp-json\/wp\/v2\/users\/3"}],"replies":[{"embeddable":true,"href":"https:\/\/koom.es\/en\/wp-json\/wp\/v2\/comments?post=8645"}],"version-history":[{"count":0,"href":"https:\/\/koom.es\/en\/wp-json\/wp\/v2\/pages\/8645\/revisions"}],"wp:attachment":[{"href":"https:\/\/koom.es\/en\/wp-json\/wp\/v2\/media?parent=8645"}],"curies":[{"name":"wp","href":"https:\/\/api.w.org\/{rel}","templated":true}]}}